{"id":87,"date":"2020-07-24T11:57:53","date_gmt":"2020-07-24T14:57:53","guid":{"rendered":"http:\/\/ergossol.com.br\/novo\/?page_id=87"},"modified":"2020-08-07T14:17:33","modified_gmt":"2020-08-07T17:17:33","slug":"contato","status":"publish","type":"page","link":"https:\/\/ergossol.com.br\/en\/contato\/","title":{"rendered":"Contact"},"content":{"rendered":"<div class=\"vc_row wpb_row vc_row-fluid vc_custom_1595602328091\"><div class=\"wpb_column vc_column_container vc_col-sm-12\"><div class=\"vc_column-inner\"><div class=\"wpb_wrapper\">\n\t<div class=\"wpb_text_column wpb_content_element\" >\n\t\t<div class=\"wpb_wrapper\">\n\t\t\t<p>Contact <strong>ERGOSSOL,\u00a0<\/strong>through the form below, as soon as possible we will contact you.<\/p>\n\n\t\t<\/div>\n\t<\/div>\n\n\t<div class=\"wpb_raw_code wpb_content_element wpb_raw_html\" >\n\t\t<div class=\"wpb_wrapper\">\n\t\t\t\n<div class=\"wpcf7 no-js\" id=\"wpcf7-f330-o1\" lang=\"pt-BR\" dir=\"ltr\" data-wpcf7-id=\"330\">\n<div class=\"screen-reader-response\"><p role=\"status\" aria-live=\"polite\" aria-atomic=\"true\"><\/p> <ul><\/ul><\/div>\n<form action=\"\/en\/wp-json\/wp\/v2\/pages\/87#wpcf7-f330-o1\" method=\"post\" class=\"wpcf7-form init\" aria-label=\"Formul\u00e1rios de contato\" novalidate=\"novalidate\" data-status=\"init\" data-trp-original-action=\"\/en\/wp-json\/wp\/v2\/pages\/87#wpcf7-f330-o1\">\n<fieldset class=\"hidden-fields-container\"><input type=\"hidden\" name=\"_wpcf7\" value=\"330\" \/><input type=\"hidden\" name=\"_wpcf7_version\" value=\"6.1.5\" \/><input type=\"hidden\" name=\"_wpcf7_locale\" value=\"pt_BR\" \/><input type=\"hidden\" name=\"_wpcf7_unit_tag\" value=\"wpcf7-f330-o1\" \/><input type=\"hidden\" name=\"_wpcf7_container_post\" value=\"0\" \/><input type=\"hidden\" name=\"_wpcf7_posted_data_hash\" value=\"\" \/>\n<\/fieldset>\n<p><label> Seu nome<br \/>\n<span class=\"wpcf7-form-control-wrap\" data-name=\"your-name\"><input size=\"40\" maxlength=\"400\" class=\"wpcf7-form-control wpcf7-text wpcf7-validates-as-required\" autocomplete=\"name\" aria-required=\"true\" aria-invalid=\"false\" value=\"\" type=\"text\" name=\"your-name\" \/><\/span> <\/label>\n<\/p>\n<p><label> Seu e-mail<br \/>\n<span class=\"wpcf7-form-control-wrap\" data-name=\"your-email\"><input size=\"40\" maxlength=\"400\" class=\"wpcf7-form-control wpcf7-email wpcf7-validates-as-required wpcf7-text wpcf7-validates-as-email\" autocomplete=\"email\" aria-required=\"true\" aria-invalid=\"false\" value=\"\" type=\"email\" name=\"your-email\" \/><\/span> <\/label>\n<\/p>\n<p><label> Subject<br \/>\n<span class=\"wpcf7-form-control-wrap\" data-name=\"your-subject\"><input size=\"40\" maxlength=\"400\" class=\"wpcf7-form-control wpcf7-text wpcf7-validates-as-required\" aria-required=\"true\" aria-invalid=\"false\" value=\"\" type=\"text\" name=\"your-subject\" \/><\/span> <\/label>\n<\/p>\n<p><label> Sua mensagem (opcional)<br \/>\n<span class=\"wpcf7-form-control-wrap\" data-name=\"your-message\"><textarea cols=\"40\" rows=\"10\" maxlength=\"2000\" class=\"wpcf7-form-control wpcf7-textarea\" aria-invalid=\"false\" name=\"your-message\"><\/textarea><\/span> <\/label>\n<\/p>\n<p><input class=\"wpcf7-form-control wpcf7-submit has-spinner\" type=\"submit\" value=\"Send\" \/>\n<\/p><div class=\"wpcf7-response-output\" aria-hidden=\"true\"><\/div>\n<input type=\"hidden\" name=\"trp-form-language\" value=\"en\"\/><\/form>\n<\/div>\n\n\t\t<\/div>\n\t<\/div>\n<\/div><\/div><\/div><\/div>","protected":false},"excerpt":{"rendered":"Entre em contato com ERGOSSOL,\u00a0atrav\u00e9s do formul\u00e1rio abaixo, assim que poss\u00edvel entraremos em contato. Seu nome Seu e-mail Assunto Sua mensagem (opcional)","protected":false},"author":1,"featured_media":0,"parent":0,"menu_order":0,"comment_status":"closed","ping_status":"closed","template":"","meta":{"_monsterinsights_skip_tracking":false,"_monsterinsights_sitenote_active":false,"_monsterinsights_sitenote_note":"","_monsterinsights_sitenote_category":0,"footnotes":""},"class_list":["post-87","page","type-page","status-publish","hentry"],"yoast_head":"<!-- This site is optimized with the Yoast SEO plugin v27.4 - https:\/\/yoast.com\/product\/yoast-seo-wordpress\/ -->\n<title>Contato - Ergossol<\/title>\n<meta name=\"robots\" content=\"index, follow, max-snippet:-1, max-image-preview:large, max-video-preview:-1\" \/>\n<link rel=\"canonical\" href=\"https:\/\/ergossol.com.br\/en\/contato\/\" \/>\n<meta property=\"og:locale\" content=\"en_US\" \/>\n<meta property=\"og:type\" content=\"article\" \/>\n<meta property=\"og:title\" content=\"Contato - Ergossol\" \/>\n<meta property=\"og:url\" content=\"https:\/\/ergossol.com.br\/en\/contato\/\" \/>\n<meta property=\"og:site_name\" content=\"Ergossol\" \/>\n<meta property=\"article:modified_time\" content=\"2020-08-07T17:17:33+00:00\" \/>\n<meta name=\"twitter:card\" content=\"summary_large_image\" \/>\n<script type=\"application\/ld+json\" class=\"yoast-schema-graph\">{\"@context\":\"https:\\\/\\\/schema.org\",\"@graph\":[{\"@type\":\"WebPage\",\"@id\":\"https:\\\/\\\/ergossol.com.br\\\/contato\\\/\",\"url\":\"https:\\\/\\\/ergossol.com.br\\\/contato\\\/\",\"name\":\"Contato - Ergossol\",\"isPartOf\":{\"@id\":\"https:\\\/\\\/ergossol.com.br\\\/#website\"},\"datePublished\":\"2020-07-24T14:57:53+00:00\",\"dateModified\":\"2020-08-07T17:17:33+00:00\",\"breadcrumb\":{\"@id\":\"https:\\\/\\\/ergossol.com.br\\\/contato\\\/#breadcrumb\"},\"inLanguage\":\"en-US\",\"potentialAction\":[{\"@type\":\"ReadAction\",\"target\":[\"https:\\\/\\\/ergossol.com.br\\\/contato\\\/\"]}]},{\"@type\":\"BreadcrumbList\",\"@id\":\"https:\\\/\\\/ergossol.com.br\\\/contato\\\/#breadcrumb\",\"itemListElement\":[{\"@type\":\"ListItem\",\"position\":1,\"name\":\"In\u00edcio\",\"item\":\"https:\\\/\\\/ergossol.com.br\\\/\"},{\"@type\":\"ListItem\",\"position\":2,\"name\":\"Contato\"}]},{\"@type\":\"WebSite\",\"@id\":\"https:\\\/\\\/ergossol.com.br\\\/#website\",\"url\":\"https:\\\/\\\/ergossol.com.br\\\/\",\"name\":\"Ergossol\",\"description\":\"Engenharia e Tecnologia\",\"publisher\":{\"@id\":\"https:\\\/\\\/ergossol.com.br\\\/#organization\"},\"potentialAction\":[{\"@type\":\"SearchAction\",\"target\":{\"@type\":\"EntryPoint\",\"urlTemplate\":\"https:\\\/\\\/ergossol.com.br\\\/?s={search_term_string}\"},\"query-input\":{\"@type\":\"PropertyValueSpecification\",\"valueRequired\":true,\"valueName\":\"search_term_string\"}}],\"inLanguage\":\"en-US\"},{\"@type\":\"Organization\",\"@id\":\"https:\\\/\\\/ergossol.com.br\\\/#organization\",\"name\":\"Ergossol\",\"url\":\"https:\\\/\\\/ergossol.com.br\\\/\",\"logo\":{\"@type\":\"ImageObject\",\"inLanguage\":\"en-US\",\"@id\":\"https:\\\/\\\/ergossol.com.br\\\/#\\\/schema\\\/logo\\\/image\\\/\",\"url\":\"https:\\\/\\\/ergossol.com.br\\\/wp-content\\\/uploads\\\/2020\\\/07\\\/ergossol.png\",\"contentUrl\":\"https:\\\/\\\/ergossol.com.br\\\/wp-content\\\/uploads\\\/2020\\\/07\\\/ergossol.png\",\"width\":371,\"height\":49,\"caption\":\"Ergossol\"},\"image\":{\"@id\":\"https:\\\/\\\/ergossol.com.br\\\/#\\\/schema\\\/logo\\\/image\\\/\"}}]}<\/script>\n<!-- \/ Yoast SEO plugin. -->","yoast_head_json":{"title":"Contato - Ergossol","robots":{"index":"index","follow":"follow","max-snippet":"max-snippet:-1","max-image-preview":"max-image-preview:large","max-video-preview":"max-video-preview:-1"},"canonical":"https:\/\/ergossol.com.br\/en\/contato\/","og_locale":"en_US","og_type":"article","og_title":"Contato - Ergossol","og_url":"https:\/\/ergossol.com.br\/en\/contato\/","og_site_name":"Ergossol","article_modified_time":"2020-08-07T17:17:33+00:00","twitter_card":"summary_large_image","schema":{"@context":"https:\/\/schema.org","@graph":[{"@type":"WebPage","@id":"https:\/\/ergossol.com.br\/contato\/","url":"https:\/\/ergossol.com.br\/contato\/","name":"Contato - Ergossol","isPartOf":{"@id":"https:\/\/ergossol.com.br\/#website"},"datePublished":"2020-07-24T14:57:53+00:00","dateModified":"2020-08-07T17:17:33+00:00","breadcrumb":{"@id":"https:\/\/ergossol.com.br\/contato\/#breadcrumb"},"inLanguage":"en-US","potentialAction":[{"@type":"ReadAction","target":["https:\/\/ergossol.com.br\/contato\/"]}]},{"@type":"BreadcrumbList","@id":"https:\/\/ergossol.com.br\/contato\/#breadcrumb","itemListElement":[{"@type":"ListItem","position":1,"name":"In\u00edcio","item":"https:\/\/ergossol.com.br\/"},{"@type":"ListItem","position":2,"name":"Contato"}]},{"@type":"WebSite","@id":"https:\/\/ergossol.com.br\/#website","url":"https:\/\/ergossol.com.br\/","name":"Ergossol","description":"Engenharia e Tecnologia","publisher":{"@id":"https:\/\/ergossol.com.br\/#organization"},"potentialAction":[{"@type":"SearchAction","target":{"@type":"EntryPoint","urlTemplate":"https:\/\/ergossol.com.br\/?s={search_term_string}"},"query-input":{"@type":"PropertyValueSpecification","valueRequired":true,"valueName":"search_term_string"}}],"inLanguage":"en-US"},{"@type":"Organization","@id":"https:\/\/ergossol.com.br\/#organization","name":"Ergossol","url":"https:\/\/ergossol.com.br\/","logo":{"@type":"ImageObject","inLanguage":"en-US","@id":"https:\/\/ergossol.com.br\/#\/schema\/logo\/image\/","url":"https:\/\/ergossol.com.br\/wp-content\/uploads\/2020\/07\/ergossol.png","contentUrl":"https:\/\/ergossol.com.br\/wp-content\/uploads\/2020\/07\/ergossol.png","width":371,"height":49,"caption":"Ergossol"},"image":{"@id":"https:\/\/ergossol.com.br\/#\/schema\/logo\/image\/"}}]}},"_links":{"self":[{"href":"https:\/\/ergossol.com.br\/en\/wp-json\/wp\/v2\/pages\/87","targetHints":{"allow":["GET"]}}],"collection":[{"href":"https:\/\/ergossol.com.br\/en\/wp-json\/wp\/v2\/pages"}],"about":[{"href":"https:\/\/ergossol.com.br\/en\/wp-json\/wp\/v2\/types\/page"}],"author":[{"embeddable":true,"href":"https:\/\/ergossol.com.br\/en\/wp-json\/wp\/v2\/users\/1"}],"replies":[{"embeddable":true,"href":"https:\/\/ergossol.com.br\/en\/wp-json\/wp\/v2\/comments?post=87"}],"version-history":[{"count":4,"href":"https:\/\/ergossol.com.br\/en\/wp-json\/wp\/v2\/pages\/87\/revisions"}],"predecessor-version":[{"id":278,"href":"https:\/\/ergossol.com.br\/en\/wp-json\/wp\/v2\/pages\/87\/revisions\/278"}],"wp:attachment":[{"href":"https:\/\/ergossol.com.br\/en\/wp-json\/wp\/v2\/media?parent=87"}],"curies":[{"name":"wp","href":"https:\/\/api.w.org\/{rel}","templated":true}]}}