{"id":73,"date":"2020-07-24T11:23:16","date_gmt":"2020-07-24T14:23:16","guid":{"rendered":"http:\/\/ergossol.com.br\/novo\/?page_id=73"},"modified":"2020-08-10T11:27:38","modified_gmt":"2020-08-10T14:27:38","slug":"quem-somos","status":"publish","type":"page","link":"https:\/\/ergossol.com.br\/en\/quem-somos\/","title":{"rendered":"Ergossol"},"content":{"rendered":"<div data-vc-full-width=\"true\" data-vc-full-width-init=\"false\" class=\"vc_row wpb_row vc_row-fluid vc_custom_1596000284759 vc_row-has-fill\"><div class=\"wpb_column vc_column_container vc_col-sm-12\"><div class=\"vc_column-inner\"><div class=\"wpb_wrapper\">\n\t<div class=\"wpb_text_column wpb_content_element\" >\n\t\t<div class=\"wpb_wrapper\">\n\t\t\t<p>A ERGOSSOL, founded in 2015, is a company created by experienced engineers and executives, which purpose is to achieve business and to provide consulting, projects and complete solutions in Engineering and Technology markets.<\/p>\n<p>Our differential is the high experience of our team in different industries segments, giving us a better view of the needs and goals of our customers to  offer the most appropriate technical solutions, allying economic feasibility of the implementation and operation, as well as social and environmental responsibility.<\/p>\n<p>Our services are, above all, an investment for our customers, since we are committed to ensure the best cost-benefit ratio, considering the most appropriate business models for our customers.<\/p>\n\n\t\t<\/div>\n\t<\/div>\n<\/div><\/div><\/div><\/div><div class=\"vc_row-full-width vc_clearfix\"><\/div><div data-vc-full-width=\"true\" data-vc-full-width-init=\"false\" class=\"vc_row wpb_row vc_row-fluid vc_custom_1595942369057 vc_row-has-fill\"><div class=\"wpb_column vc_column_container vc_col-sm-12 vc_hidden-lg vc_hidden-md\"><div class=\"vc_column-inner vc_custom_1596000164949\"><div class=\"wpb_wrapper\"><div class=\"vc_row wpb_row vc_inner vc_row-fluid vc_custom_1595942499731 vc_row-o-equal-height vc_row-flex\"><div class=\"wpb_column vc_column_container vc_col-sm-4 vc_col-has-fill\"><div class=\"vc_column-inner vc_custom_1595942314589\"><div class=\"wpb_wrapper\">\n\t<div  class=\"wpb_single_image wpb_content_element vc_align_center  vc_custom_1595942729628  icom gtf\">\n\t\t\n\t\t<figure class=\"wpb_wrapper vc_figure\">\n\t\t\t<div class=\"vc_single_image-wrapper   vc_box_border_grey\"><img loading=\"lazy\" decoding=\"async\" width=\"44\" height=\"44\" src=\"https:\/\/ergossol.com.br\/wp-content\/uploads\/2020\/07\/favicon.png\" class=\"vc_single_image-img attachment-full\" alt=\"\" \/><\/div>\n\t\t<\/figure>\n\t<\/div>\n<h1 style=\"font-size: 23px;color: #ffffff;text-align: center;font-family:Montserrat;font-weight:700;font-style:normal\" class=\"vc_custom_heading centerl vc_custom_1595942237493\" >OUR MISSION<\/h1>\n\t<div class=\"wpb_text_column wpb_content_element  vc_custom_1595942308580\" >\n\t\t<div class=\"wpb_wrapper\">\n\t\t\t<p style=\"text-align: center;\"><span style=\"color: #ffffff;\">To Provide sustainable solutions in engineering and technology areas, developing and executing projects with technological solutions that allow the best cost \/ benefit ratio for the client and the best financial return for investors,  developing long-term relationship with customers, partners, employees and society.<\/span><\/p>\n\n\t\t<\/div>\n\t<\/div>\n<\/div><\/div><\/div><div class=\"wpb_column vc_column_container vc_col-sm-4 vc_col-has-fill\"><div class=\"vc_column-inner vc_custom_1595942613301\"><div class=\"wpb_wrapper\">\n\t<div  class=\"wpb_single_image wpb_content_element vc_align_center  vc_custom_1595942724557  icom gtf\">\n\t\t\n\t\t<figure class=\"wpb_wrapper vc_figure\">\n\t\t\t<div class=\"vc_single_image-wrapper   vc_box_border_grey\"><img loading=\"lazy\" decoding=\"async\" width=\"44\" height=\"44\" src=\"https:\/\/ergossol.com.br\/wp-content\/uploads\/2020\/07\/favicon.png\" class=\"vc_single_image-img attachment-full\" alt=\"\" \/><\/div>\n\t\t<\/figure>\n\t<\/div>\n<h1 style=\"font-size: 23px;color: #ffffff;text-align: center;font-family:Montserrat;font-weight:700;font-style:normal\" class=\"vc_custom_heading centerl vc_custom_1595942472565\" >OUR VIEW<\/h1>\n\t<div class=\"wpb_text_column wpb_content_element\" >\n\t\t<div class=\"wpb_wrapper\">\n\t\t\t<p style=\"text-align: center;\"><span style=\"color: #ffffff;\">To be a reference and specialized company with recognized competence in making feasible engineering and technology solutions for Customers, Investors and Society.<\/span><\/p>\n\n\t\t<\/div>\n\t<\/div>\n<\/div><\/div><\/div><div class=\"wpb_column vc_column_container vc_col-sm-4 vc_col-has-fill\"><div class=\"vc_column-inner vc_custom_1595942604719\"><div class=\"wpb_wrapper\">\n\t<div  class=\"wpb_single_image wpb_content_element vc_align_center  vc_custom_1595942733821  icom gtf\">\n\t\t\n\t\t<figure class=\"wpb_wrapper vc_figure\">\n\t\t\t<div class=\"vc_single_image-wrapper   vc_box_border_grey\"><img loading=\"lazy\" decoding=\"async\" width=\"44\" height=\"44\" src=\"https:\/\/ergossol.com.br\/wp-content\/uploads\/2020\/07\/favicon.png\" class=\"vc_single_image-img attachment-full\" alt=\"\" \/><\/div>\n\t\t<\/figure>\n\t<\/div>\n<h1 style=\"font-size: 23px;color: #ffffff;text-align: center;font-family:Montserrat;font-weight:700;font-style:normal\" class=\"vc_custom_heading centerl vc_custom_1595942560139\" >OUR VALUES<\/h1>\n\t<div class=\"wpb_text_column wpb_content_element\" >\n\t\t<div class=\"wpb_wrapper\">\n\t\t\t<p style=\"text-align: center;\"><span style=\"color: #ffffff;\">Ethics<\/span><br \/>\n<span style=\"color: #ffffff;\">Excellence<\/span><br \/>\n<span style=\"color: #ffffff;\">Social and Environmental Responsibility<\/span><br \/>\n<span style=\"color: #ffffff;\">Innovation<\/span><\/p>\n\n\t\t<\/div>\n\t<\/div>\n<\/div><\/div><\/div><\/div><\/div><\/div><\/div><\/div><div class=\"vc_row-full-width vc_clearfix\"><\/div><div class=\"vc_row wpb_row vc_row-fluid\"><div class=\"wpb_column vc_column_container vc_col-sm-12 vc_hidden-sm vc_hidden-xs\"><div class=\"vc_column-inner\"><div class=\"wpb_wrapper\">\n\t<div  class=\"wpb_single_image wpb_content_element vc_align_center\">\n\t\t\n\t\t<figure class=\"wpb_wrapper vc_figure\">\n\t\t\t<div class=\"vc_single_image-wrapper   vc_box_border_grey\"><img loading=\"lazy\" decoding=\"async\" width=\"1600\" height=\"785\" src=\"https:\/\/ergossol.com.br\/wp-content\/uploads\/2020\/07\/grafico.jpg\" class=\"vc_single_image-img attachment-full\" alt=\"\" srcset=\"https:\/\/ergossol.com.br\/wp-content\/uploads\/2020\/07\/grafico.jpg 1600w, https:\/\/ergossol.com.br\/wp-content\/uploads\/2020\/07\/grafico-300x147.jpg 300w, https:\/\/ergossol.com.br\/wp-content\/uploads\/2020\/07\/grafico-1024x502.jpg 1024w, https:\/\/ergossol.com.br\/wp-content\/uploads\/2020\/07\/grafico-768x377.jpg 768w, https:\/\/ergossol.com.br\/wp-content\/uploads\/2020\/07\/grafico-1536x754.jpg 1536w\" sizes=\"auto, (max-width: 1600px) 100vw, 1600px\" \/><\/div>\n\t\t<\/figure>\n\t<\/div>\n<\/div><\/div><\/div><\/div>","protected":false},"excerpt":{"rendered":"A ERGOSSOL, fundada em 2015, \u00e9 uma empresa criada por experientes engenheiros e executivos, cujo prop\u00f3sito \u00e9 viabilizar neg\u00f3cios e fornecer consultoria, projetos e solu\u00e7\u00f5es completas nas \u00e1reas de engenharia e tecnologia. A ERGOSSOL tem como principal diferencial a vasta experi\u00eancia de sua equipe em projetos de diferentes segmentos da ind\u00fastria, o que permite compreender [...]","protected":false},"author":1,"featured_media":0,"parent":0,"menu_order":0,"comment_status":"closed","ping_status":"closed","template":"","meta":{"_monsterinsights_skip_tracking":false,"_monsterinsights_sitenote_active":false,"_monsterinsights_sitenote_note":"","_monsterinsights_sitenote_category":0,"footnotes":""},"class_list":["post-73","page","type-page","status-publish","hentry"],"yoast_head":"<!-- This site is optimized with the Yoast SEO plugin v27.4 - https:\/\/yoast.com\/product\/yoast-seo-wordpress\/ -->\n<title>Quem Somos - Ergosssol<\/title>\n<meta name=\"robots\" content=\"index, follow, max-snippet:-1, max-image-preview:large, max-video-preview:-1\" \/>\n<link rel=\"canonical\" href=\"https:\/\/ergossol.com.br\/en\/quem-somos\/\" \/>\n<meta property=\"og:locale\" content=\"en_US\" \/>\n<meta property=\"og:type\" content=\"article\" \/>\n<meta property=\"og:title\" content=\"Quem Somos - Ergosssol\" \/>\n<meta property=\"og:url\" content=\"https:\/\/ergossol.com.br\/en\/quem-somos\/\" \/>\n<meta property=\"og:site_name\" content=\"Ergossol\" \/>\n<meta property=\"article:modified_time\" content=\"2020-08-10T14:27:38+00:00\" \/>\n<meta name=\"twitter:card\" content=\"summary_large_image\" \/>\n<meta name=\"twitter:label1\" content=\"Est. reading time\" \/>\n\t<meta name=\"twitter:data1\" content=\"3 minutes\" \/>\n<script type=\"application\/ld+json\" class=\"yoast-schema-graph\">{\"@context\":\"https:\\\/\\\/schema.org\",\"@graph\":[{\"@type\":\"WebPage\",\"@id\":\"https:\\\/\\\/ergossol.com.br\\\/quem-somos\\\/\",\"url\":\"https:\\\/\\\/ergossol.com.br\\\/quem-somos\\\/\",\"name\":\"Quem Somos - Ergosssol\",\"isPartOf\":{\"@id\":\"https:\\\/\\\/ergossol.com.br\\\/#website\"},\"datePublished\":\"2020-07-24T14:23:16+00:00\",\"dateModified\":\"2020-08-10T14:27:38+00:00\",\"breadcrumb\":{\"@id\":\"https:\\\/\\\/ergossol.com.br\\\/quem-somos\\\/#breadcrumb\"},\"inLanguage\":\"en-US\",\"potentialAction\":[{\"@type\":\"ReadAction\",\"target\":[\"https:\\\/\\\/ergossol.com.br\\\/quem-somos\\\/\"]}]},{\"@type\":\"BreadcrumbList\",\"@id\":\"https:\\\/\\\/ergossol.com.br\\\/quem-somos\\\/#breadcrumb\",\"itemListElement\":[{\"@type\":\"ListItem\",\"position\":1,\"name\":\"In\u00edcio\",\"item\":\"https:\\\/\\\/ergossol.com.br\\\/\"},{\"@type\":\"ListItem\",\"position\":2,\"name\":\"Ergossol\"}]},{\"@type\":\"WebSite\",\"@id\":\"https:\\\/\\\/ergossol.com.br\\\/#website\",\"url\":\"https:\\\/\\\/ergossol.com.br\\\/\",\"name\":\"Ergossol\",\"description\":\"Engenharia e Tecnologia\",\"publisher\":{\"@id\":\"https:\\\/\\\/ergossol.com.br\\\/#organization\"},\"potentialAction\":[{\"@type\":\"SearchAction\",\"target\":{\"@type\":\"EntryPoint\",\"urlTemplate\":\"https:\\\/\\\/ergossol.com.br\\\/?s={search_term_string}\"},\"query-input\":{\"@type\":\"PropertyValueSpecification\",\"valueRequired\":true,\"valueName\":\"search_term_string\"}}],\"inLanguage\":\"en-US\"},{\"@type\":\"Organization\",\"@id\":\"https:\\\/\\\/ergossol.com.br\\\/#organization\",\"name\":\"Ergossol\",\"url\":\"https:\\\/\\\/ergossol.com.br\\\/\",\"logo\":{\"@type\":\"ImageObject\",\"inLanguage\":\"en-US\",\"@id\":\"https:\\\/\\\/ergossol.com.br\\\/#\\\/schema\\\/logo\\\/image\\\/\",\"url\":\"https:\\\/\\\/ergossol.com.br\\\/wp-content\\\/uploads\\\/2020\\\/07\\\/ergossol.png\",\"contentUrl\":\"https:\\\/\\\/ergossol.com.br\\\/wp-content\\\/uploads\\\/2020\\\/07\\\/ergossol.png\",\"width\":371,\"height\":49,\"caption\":\"Ergossol\"},\"image\":{\"@id\":\"https:\\\/\\\/ergossol.com.br\\\/#\\\/schema\\\/logo\\\/image\\\/\"}}]}<\/script>\n<!-- \/ Yoast SEO plugin. -->","yoast_head_json":{"title":"Quem Somos - Ergosssol","robots":{"index":"index","follow":"follow","max-snippet":"max-snippet:-1","max-image-preview":"max-image-preview:large","max-video-preview":"max-video-preview:-1"},"canonical":"https:\/\/ergossol.com.br\/en\/quem-somos\/","og_locale":"en_US","og_type":"article","og_title":"Quem Somos - Ergosssol","og_url":"https:\/\/ergossol.com.br\/en\/quem-somos\/","og_site_name":"Ergossol","article_modified_time":"2020-08-10T14:27:38+00:00","twitter_card":"summary_large_image","twitter_misc":{"Est. reading time":"3 minutes"},"schema":{"@context":"https:\/\/schema.org","@graph":[{"@type":"WebPage","@id":"https:\/\/ergossol.com.br\/quem-somos\/","url":"https:\/\/ergossol.com.br\/quem-somos\/","name":"Quem Somos - Ergosssol","isPartOf":{"@id":"https:\/\/ergossol.com.br\/#website"},"datePublished":"2020-07-24T14:23:16+00:00","dateModified":"2020-08-10T14:27:38+00:00","breadcrumb":{"@id":"https:\/\/ergossol.com.br\/quem-somos\/#breadcrumb"},"inLanguage":"en-US","potentialAction":[{"@type":"ReadAction","target":["https:\/\/ergossol.com.br\/quem-somos\/"]}]},{"@type":"BreadcrumbList","@id":"https:\/\/ergossol.com.br\/quem-somos\/#breadcrumb","itemListElement":[{"@type":"ListItem","position":1,"name":"In\u00edcio","item":"https:\/\/ergossol.com.br\/"},{"@type":"ListItem","position":2,"name":"Ergossol"}]},{"@type":"WebSite","@id":"https:\/\/ergossol.com.br\/#website","url":"https:\/\/ergossol.com.br\/","name":"Ergossol","description":"Engenharia e Tecnologia","publisher":{"@id":"https:\/\/ergossol.com.br\/#organization"},"potentialAction":[{"@type":"SearchAction","target":{"@type":"EntryPoint","urlTemplate":"https:\/\/ergossol.com.br\/?s={search_term_string}"},"query-input":{"@type":"PropertyValueSpecification","valueRequired":true,"valueName":"search_term_string"}}],"inLanguage":"en-US"},{"@type":"Organization","@id":"https:\/\/ergossol.com.br\/#organization","name":"Ergossol","url":"https:\/\/ergossol.com.br\/","logo":{"@type":"ImageObject","inLanguage":"en-US","@id":"https:\/\/ergossol.com.br\/#\/schema\/logo\/image\/","url":"https:\/\/ergossol.com.br\/wp-content\/uploads\/2020\/07\/ergossol.png","contentUrl":"https:\/\/ergossol.com.br\/wp-content\/uploads\/2020\/07\/ergossol.png","width":371,"height":49,"caption":"Ergossol"},"image":{"@id":"https:\/\/ergossol.com.br\/#\/schema\/logo\/image\/"}}]}},"_links":{"self":[{"href":"https:\/\/ergossol.com.br\/en\/wp-json\/wp\/v2\/pages\/73","targetHints":{"allow":["GET"]}}],"collection":[{"href":"https:\/\/ergossol.com.br\/en\/wp-json\/wp\/v2\/pages"}],"about":[{"href":"https:\/\/ergossol.com.br\/en\/wp-json\/wp\/v2\/types\/page"}],"author":[{"embeddable":true,"href":"https:\/\/ergossol.com.br\/en\/wp-json\/wp\/v2\/users\/1"}],"replies":[{"embeddable":true,"href":"https:\/\/ergossol.com.br\/en\/wp-json\/wp\/v2\/comments?post=73"}],"version-history":[{"count":30,"href":"https:\/\/ergossol.com.br\/en\/wp-json\/wp\/v2\/pages\/73\/revisions"}],"predecessor-version":[{"id":209,"href":"https:\/\/ergossol.com.br\/en\/wp-json\/wp\/v2\/pages\/73\/revisions\/209"}],"wp:attachment":[{"href":"https:\/\/ergossol.com.br\/en\/wp-json\/wp\/v2\/media?parent=73"}],"curies":[{"name":"wp","href":"https:\/\/api.w.org\/{rel}","templated":true}]}}