{"id":202,"date":"2020-07-28T09:46:13","date_gmt":"2020-07-28T12:46:13","guid":{"rendered":"http:\/\/ergossol.com.br\/novo\/?page_id=202"},"modified":"2020-08-07T14:53:00","modified_gmt":"2020-08-07T17:53:00","slug":"servicos","status":"publish","type":"page","link":"https:\/\/ergossol.com.br\/en\/servicos\/","title":{"rendered":"Services"},"content":{"rendered":"<div id=\"servicos\" data-vc-full-width=\"true\" data-vc-full-width-init=\"false\" class=\"vc_row wpb_row vc_row-fluid vc_custom_1594390519596 vc_row-has-fill\"><div class=\"wpb_column vc_column_container vc_col-sm-12\"><div class=\"vc_column-inner\"><div class=\"wpb_wrapper\"><div class=\"vc_empty_space  sumircel\"   style=\"height: 50px\"><span class=\"vc_empty_space_inner\"><\/span><\/div><div class=\"vc_row wpb_row vc_inner vc_row-fluid vc_row-o-equal-height vc_row-flex\"><div class=\"wpb_column vc_column_container vc_col-sm-3\"><div class=\"vc_column-inner\"><div class=\"wpb_wrapper\">\n\t<div  class=\"wpb_single_image wpb_content_element vc_align_center  wpb_animate_when_almost_visible wpb_fadeInUp fadeInUp vc_custom_1596822717710  mcv\">\n\t\t\n\t\t<figure class=\"wpb_wrapper vc_figure\">\n\t\t\t<a href=\"https:\/\/ergossol.com.br\/en\/consultoria-tecnica\/\" target=\"_self\" class=\"vc_single_image-wrapper   vc_box_border_grey\"><img loading=\"lazy\" decoding=\"async\" width=\"316\" height=\"316\" src=\"https:\/\/ergossol.com.br\/wp-content\/uploads\/2020\/07\/f3.png\" class=\"vc_single_image-img attachment-full\" alt=\"\" srcset=\"https:\/\/ergossol.com.br\/wp-content\/uploads\/2020\/07\/f3.png 316w, https:\/\/ergossol.com.br\/wp-content\/uploads\/2020\/07\/f3-300x300.png 300w, https:\/\/ergossol.com.br\/wp-content\/uploads\/2020\/07\/f3-150x150.png 150w, https:\/\/ergossol.com.br\/wp-content\/uploads\/2020\/07\/f3-53x53.png 53w\" sizes=\"auto, (max-width: 316px) 100vw, 316px\" \/><\/a>\n\t\t<\/figure>\n\t<\/div>\n<h2 style=\"font-size: 20px;color: #2f3235;text-align: center\" class=\"vc_custom_heading titp wpb_animate_when_almost_visible wpb_fadeInUp fadeInUp vc_custom_1596822725829\" ><a href=\"https:\/\/ergossol.com.br\/en\/consultoria-tecnica\/\">Technical<br \/>\nConsulting<\/a><\/h2><\/div><\/div><\/div><div class=\"wpb_column vc_column_container vc_col-sm-3\"><div class=\"vc_column-inner\"><div class=\"wpb_wrapper\">\n\t<div  class=\"wpb_single_image wpb_content_element vc_align_center  wpb_animate_when_almost_visible wpb_fadeInUp fadeInUp vc_custom_1596822736242  mcv\">\n\t\t\n\t\t<figure class=\"wpb_wrapper vc_figure\">\n\t\t\t<a href=\"https:\/\/ergossol.com.br\/en\/projetos-de-engenharia\/\" target=\"_self\" class=\"vc_single_image-wrapper   vc_box_border_grey\"><img loading=\"lazy\" decoding=\"async\" width=\"316\" height=\"316\" src=\"https:\/\/ergossol.com.br\/wp-content\/uploads\/2020\/07\/3d-1.png\" class=\"vc_single_image-img attachment-full\" alt=\"\" srcset=\"https:\/\/ergossol.com.br\/wp-content\/uploads\/2020\/07\/3d-1.png 316w, https:\/\/ergossol.com.br\/wp-content\/uploads\/2020\/07\/3d-1-300x300.png 300w, https:\/\/ergossol.com.br\/wp-content\/uploads\/2020\/07\/3d-1-150x150.png 150w, https:\/\/ergossol.com.br\/wp-content\/uploads\/2020\/07\/3d-1-53x53.png 53w\" sizes=\"auto, (max-width: 316px) 100vw, 316px\" \/><\/a>\n\t\t<\/figure>\n\t<\/div>\n<h2 style=\"font-size: 20px;color: #2f3235;text-align: center\" class=\"vc_custom_heading titp wpb_animate_when_almost_visible wpb_fadeInUp fadeInUp vc_custom_1596822744328\" ><a href=\"https:\/\/ergossol.com.br\/en\/projetos-de-engenharia\/\">Engineering<br \/>\nDesign<\/a><\/h2><\/div><\/div><\/div><div class=\"wpb_column vc_column_container vc_col-sm-3\"><div class=\"vc_column-inner\"><div class=\"wpb_wrapper\">\n\t<div  class=\"wpb_single_image wpb_content_element vc_align_center  wpb_animate_when_almost_visible wpb_fadeInUp fadeInUp vc_custom_1596822753858  mcv\">\n\t\t\n\t\t<figure class=\"wpb_wrapper vc_figure\">\n\t\t\t<a href=\"https:\/\/ergossol.com.br\/en\/apoio-a-implantacao-de-empreendimentos\/\" target=\"_self\" class=\"vc_single_image-wrapper   vc_box_border_grey\"><img loading=\"lazy\" decoding=\"async\" width=\"316\" height=\"316\" src=\"https:\/\/ergossol.com.br\/wp-content\/uploads\/2020\/07\/f4.png\" class=\"vc_single_image-img attachment-full\" alt=\"\" srcset=\"https:\/\/ergossol.com.br\/wp-content\/uploads\/2020\/07\/f4.png 316w, https:\/\/ergossol.com.br\/wp-content\/uploads\/2020\/07\/f4-300x300.png 300w, https:\/\/ergossol.com.br\/wp-content\/uploads\/2020\/07\/f4-150x150.png 150w, https:\/\/ergossol.com.br\/wp-content\/uploads\/2020\/07\/f4-53x53.png 53w\" sizes=\"auto, (max-width: 316px) 100vw, 316px\" \/><\/a>\n\t\t<\/figure>\n\t<\/div>\n<h2 style=\"font-size: 20px;color: #2f3235;text-align: center\" class=\"vc_custom_heading titp wpb_animate_when_almost_visible wpb_fadeInUp fadeInUp vc_custom_1596822762418\" ><a href=\"https:\/\/ergossol.com.br\/en\/apoio-a-implantacao-de-empreendimentos\/\">Support for Enterprises<br \/>\nImplementation<\/a><\/h2><\/div><\/div><\/div><div class=\"wpb_column vc_column_container vc_col-sm-3\"><div class=\"vc_column-inner\"><div class=\"wpb_wrapper\">\n\t<div  class=\"wpb_single_image wpb_content_element vc_align_center  wpb_animate_when_almost_visible wpb_fadeInUp fadeInUp vc_custom_1596822770784  mcv\">\n\t\t\n\t\t<figure class=\"wpb_wrapper vc_figure\">\n\t\t\t<a href=\"https:\/\/ergossol.com.br\/en\/gestao-operacional\/\" target=\"_self\" class=\"vc_single_image-wrapper   vc_box_border_grey\"><img loading=\"lazy\" decoding=\"async\" width=\"316\" height=\"316\" src=\"https:\/\/ergossol.com.br\/wp-content\/uploads\/2020\/07\/Apoio-a-Operac\u0327a\u0303o.png\" class=\"vc_single_image-img attachment-full\" alt=\"\" srcset=\"https:\/\/ergossol.com.br\/wp-content\/uploads\/2020\/07\/Apoio-a-Operac\u0327a\u0303o.png 316w, https:\/\/ergossol.com.br\/wp-content\/uploads\/2020\/07\/Apoio-a-Operac\u0327a\u0303o-300x300.png 300w, https:\/\/ergossol.com.br\/wp-content\/uploads\/2020\/07\/Apoio-a-Operac\u0327a\u0303o-150x150.png 150w, https:\/\/ergossol.com.br\/wp-content\/uploads\/2020\/07\/Apoio-a-Operac\u0327a\u0303o-53x53.png 53w\" sizes=\"auto, (max-width: 316px) 100vw, 316px\" \/><\/a>\n\t\t<\/figure>\n\t<\/div>\n<h2 style=\"font-size: 20px;color: #2f3235;text-align: center\" class=\"vc_custom_heading titp wpb_animate_when_almost_visible wpb_fadeInUp fadeInUp vc_custom_1596822778244\" ><a href=\"https:\/\/ergossol.com.br\/en\/gestao-operacional\/\">Operational<br \/>\nManagement<\/a><\/h2><\/div><\/div><\/div><\/div><div class=\"vc_empty_space  sumircel\" id=\"localizacao\"  style=\"height: 70px\"><span class=\"vc_empty_space_inner\"><\/span><\/div><\/div><\/div><\/div><\/div><div class=\"vc_row-full-width vc_clearfix\"><\/div>","protected":false},"excerpt":{"rendered":"Consultoria T\u00e9cnica Projetos de Engenharia Apoio a Implanta\u00e7\u00e3o de Empreendimentos Gest\u00e3o Operacional","protected":false},"author":1,"featured_media":0,"parent":0,"menu_order":0,"comment_status":"closed","ping_status":"closed","template":"","meta":{"_monsterinsights_skip_tracking":false,"_monsterinsights_sitenote_active":false,"_monsterinsights_sitenote_note":"","_monsterinsights_sitenote_category":0,"footnotes":""},"class_list":["post-202","page","type-page","status-publish","hentry"],"yoast_head":"<!-- This site is optimized with the Yoast SEO plugin v27.4 - https:\/\/yoast.com\/product\/yoast-seo-wordpress\/ -->\n<title>Servi\u00e7os - Ergossol<\/title>\n<meta name=\"robots\" content=\"index, follow, max-snippet:-1, max-image-preview:large, max-video-preview:-1\" \/>\n<link rel=\"canonical\" href=\"https:\/\/ergossol.com.br\/en\/servicos\/\" \/>\n<meta property=\"og:locale\" content=\"en_US\" \/>\n<meta property=\"og:type\" content=\"article\" \/>\n<meta property=\"og:title\" content=\"Servi\u00e7os - Ergossol\" \/>\n<meta property=\"og:url\" content=\"https:\/\/ergossol.com.br\/en\/servicos\/\" \/>\n<meta property=\"og:site_name\" content=\"Ergossol\" \/>\n<meta property=\"article:modified_time\" content=\"2020-08-07T17:53:00+00:00\" \/>\n<meta name=\"twitter:card\" content=\"summary_large_image\" \/>\n<meta name=\"twitter:label1\" content=\"Est. reading time\" \/>\n\t<meta name=\"twitter:data1\" content=\"2 minutes\" \/>\n<script type=\"application\/ld+json\" class=\"yoast-schema-graph\">{\"@context\":\"https:\\\/\\\/schema.org\",\"@graph\":[{\"@type\":\"WebPage\",\"@id\":\"https:\\\/\\\/ergossol.com.br\\\/servicos\\\/\",\"url\":\"https:\\\/\\\/ergossol.com.br\\\/servicos\\\/\",\"name\":\"Servi\u00e7os - Ergossol\",\"isPartOf\":{\"@id\":\"https:\\\/\\\/ergossol.com.br\\\/#website\"},\"datePublished\":\"2020-07-28T12:46:13+00:00\",\"dateModified\":\"2020-08-07T17:53:00+00:00\",\"breadcrumb\":{\"@id\":\"https:\\\/\\\/ergossol.com.br\\\/servicos\\\/#breadcrumb\"},\"inLanguage\":\"en-US\",\"potentialAction\":[{\"@type\":\"ReadAction\",\"target\":[\"https:\\\/\\\/ergossol.com.br\\\/servicos\\\/\"]}]},{\"@type\":\"BreadcrumbList\",\"@id\":\"https:\\\/\\\/ergossol.com.br\\\/servicos\\\/#breadcrumb\",\"itemListElement\":[{\"@type\":\"ListItem\",\"position\":1,\"name\":\"In\u00edcio\",\"item\":\"https:\\\/\\\/ergossol.com.br\\\/\"},{\"@type\":\"ListItem\",\"position\":2,\"name\":\"Servi\u00e7os\"}]},{\"@type\":\"WebSite\",\"@id\":\"https:\\\/\\\/ergossol.com.br\\\/#website\",\"url\":\"https:\\\/\\\/ergossol.com.br\\\/\",\"name\":\"Ergossol\",\"description\":\"Engenharia e Tecnologia\",\"publisher\":{\"@id\":\"https:\\\/\\\/ergossol.com.br\\\/#organization\"},\"potentialAction\":[{\"@type\":\"SearchAction\",\"target\":{\"@type\":\"EntryPoint\",\"urlTemplate\":\"https:\\\/\\\/ergossol.com.br\\\/?s={search_term_string}\"},\"query-input\":{\"@type\":\"PropertyValueSpecification\",\"valueRequired\":true,\"valueName\":\"search_term_string\"}}],\"inLanguage\":\"en-US\"},{\"@type\":\"Organization\",\"@id\":\"https:\\\/\\\/ergossol.com.br\\\/#organization\",\"name\":\"Ergossol\",\"url\":\"https:\\\/\\\/ergossol.com.br\\\/\",\"logo\":{\"@type\":\"ImageObject\",\"inLanguage\":\"en-US\",\"@id\":\"https:\\\/\\\/ergossol.com.br\\\/#\\\/schema\\\/logo\\\/image\\\/\",\"url\":\"https:\\\/\\\/ergossol.com.br\\\/wp-content\\\/uploads\\\/2020\\\/07\\\/ergossol.png\",\"contentUrl\":\"https:\\\/\\\/ergossol.com.br\\\/wp-content\\\/uploads\\\/2020\\\/07\\\/ergossol.png\",\"width\":371,\"height\":49,\"caption\":\"Ergossol\"},\"image\":{\"@id\":\"https:\\\/\\\/ergossol.com.br\\\/#\\\/schema\\\/logo\\\/image\\\/\"}}]}<\/script>\n<!-- \/ Yoast SEO plugin. -->","yoast_head_json":{"title":"Servi\u00e7os - Ergossol","robots":{"index":"index","follow":"follow","max-snippet":"max-snippet:-1","max-image-preview":"max-image-preview:large","max-video-preview":"max-video-preview:-1"},"canonical":"https:\/\/ergossol.com.br\/en\/servicos\/","og_locale":"en_US","og_type":"article","og_title":"Servi\u00e7os - Ergossol","og_url":"https:\/\/ergossol.com.br\/en\/servicos\/","og_site_name":"Ergossol","article_modified_time":"2020-08-07T17:53:00+00:00","twitter_card":"summary_large_image","twitter_misc":{"Est. reading time":"2 minutes"},"schema":{"@context":"https:\/\/schema.org","@graph":[{"@type":"WebPage","@id":"https:\/\/ergossol.com.br\/servicos\/","url":"https:\/\/ergossol.com.br\/servicos\/","name":"Servi\u00e7os - Ergossol","isPartOf":{"@id":"https:\/\/ergossol.com.br\/#website"},"datePublished":"2020-07-28T12:46:13+00:00","dateModified":"2020-08-07T17:53:00+00:00","breadcrumb":{"@id":"https:\/\/ergossol.com.br\/servicos\/#breadcrumb"},"inLanguage":"en-US","potentialAction":[{"@type":"ReadAction","target":["https:\/\/ergossol.com.br\/servicos\/"]}]},{"@type":"BreadcrumbList","@id":"https:\/\/ergossol.com.br\/servicos\/#breadcrumb","itemListElement":[{"@type":"ListItem","position":1,"name":"In\u00edcio","item":"https:\/\/ergossol.com.br\/"},{"@type":"ListItem","position":2,"name":"Servi\u00e7os"}]},{"@type":"WebSite","@id":"https:\/\/ergossol.com.br\/#website","url":"https:\/\/ergossol.com.br\/","name":"Ergossol","description":"Engenharia e Tecnologia","publisher":{"@id":"https:\/\/ergossol.com.br\/#organization"},"potentialAction":[{"@type":"SearchAction","target":{"@type":"EntryPoint","urlTemplate":"https:\/\/ergossol.com.br\/?s={search_term_string}"},"query-input":{"@type":"PropertyValueSpecification","valueRequired":true,"valueName":"search_term_string"}}],"inLanguage":"en-US"},{"@type":"Organization","@id":"https:\/\/ergossol.com.br\/#organization","name":"Ergossol","url":"https:\/\/ergossol.com.br\/","logo":{"@type":"ImageObject","inLanguage":"en-US","@id":"https:\/\/ergossol.com.br\/#\/schema\/logo\/image\/","url":"https:\/\/ergossol.com.br\/wp-content\/uploads\/2020\/07\/ergossol.png","contentUrl":"https:\/\/ergossol.com.br\/wp-content\/uploads\/2020\/07\/ergossol.png","width":371,"height":49,"caption":"Ergossol"},"image":{"@id":"https:\/\/ergossol.com.br\/#\/schema\/logo\/image\/"}}]}},"_links":{"self":[{"href":"https:\/\/ergossol.com.br\/en\/wp-json\/wp\/v2\/pages\/202","targetHints":{"allow":["GET"]}}],"collection":[{"href":"https:\/\/ergossol.com.br\/en\/wp-json\/wp\/v2\/pages"}],"about":[{"href":"https:\/\/ergossol.com.br\/en\/wp-json\/wp\/v2\/types\/page"}],"author":[{"embeddable":true,"href":"https:\/\/ergossol.com.br\/en\/wp-json\/wp\/v2\/users\/1"}],"replies":[{"embeddable":true,"href":"https:\/\/ergossol.com.br\/en\/wp-json\/wp\/v2\/comments?post=202"}],"version-history":[{"count":4,"href":"https:\/\/ergossol.com.br\/en\/wp-json\/wp\/v2\/pages\/202\/revisions"}],"predecessor-version":[{"id":280,"href":"https:\/\/ergossol.com.br\/en\/wp-json\/wp\/v2\/pages\/202\/revisions\/280"}],"wp:attachment":[{"href":"https:\/\/ergossol.com.br\/en\/wp-json\/wp\/v2\/media?parent=202"}],"curies":[{"name":"wp","href":"https:\/\/api.w.org\/{rel}","templated":true}]}}